{"id":172,"date":"2016-11-08T11:35:08","date_gmt":"2016-11-08T11:35:08","guid":{"rendered":"https:\/\/ariete.youmedia.es\/en\/services\/consejo-risk-control\/"},"modified":"2018-03-21T17:04:10","modified_gmt":"2018-03-21T17:04:10","slug":"life-plan-risk-control-advice","status":"publish","type":"page","link":"https:\/\/ariete.youmedia.es\/en\/services\/life-plan-risk-control-advice\/","title":{"rendered":"10 | Life Plan Risk Control Advice"},"content":{"rendered":"<p>Once the Life Wealth Plan has been implemented, we carry out ongoing controls on all external risks or changes which may affect the planning performed and the goals sought.<br \/>\nIn the case of events or changes in family, economic, professional, macroeconomic or market conditions, we react immediately and will amend the plan to adapt it to the new situation.<\/p>\n<ul>\n<li>Control and follow-up of savings and the established Financial Plan.<\/li>\n<li>Control in terms of changes in country security, depository, tax, management entity and investment product conditions.<\/li>\n<li>Management and control of family risk.<\/li>\n<li>Monitoring of professional career.<\/li>\n<\/ul>\n","protected":false},"excerpt":{"rendered":"<p>Una vez aplicado el Plan Vital\u00a0Patrimonial, llevaremos un control continuo de todos los riesgos externos o cambios que pueden afectar a la planificaci\u00f3n efectuada y a los objetivos buscados.\\r\\n\\r\\nEn caso de eventos o cambios en condiciones familiares, econ\u00f3micas, profesionales, macroecon\u00f3micas o de mercado reaccionaremos de inmediato y variaremos el plan para adecuarlo a la nueva situaci\u00f3n.\\r\\n<\/p>\n<ul>\\r\\n \t<\/p>\n<li>Control y seguimiento del ahorro y del Plan Financiero establecido.<\/li>\n<p>\\r\\n \t<\/p>\n<li>Control en cuanto a cambios en condiciones o seguridad de pa\u00eds, depositario, fiscalidad, entidades gestoras, productos de inversi\u00f3n.<\/li>\n<p>\\r\\n \t<\/p>\n<li>Gesti\u00f3n y control del riesgo familiar.<\/li>\n<p>\\r\\n \t<\/p>\n<li>Seguimiento de la carrera profesional.<\/li>\n<p>\\r\\n<\/ul>\n","protected":false},"author":1,"featured_media":0,"parent":163,"menu_order":10,"comment_status":"closed","ping_status":"closed","template":"","meta":{"_acf_changed":false,"footnotes":""},"class_list":["post-172","page","type-page","status-publish","hentry"],"acf":[],"_links":{"self":[{"href":"https:\/\/ariete.youmedia.es\/en\/wp-json\/wp\/v2\/pages\/172","targetHints":{"allow":["GET"]}}],"collection":[{"href":"https:\/\/ariete.youmedia.es\/en\/wp-json\/wp\/v2\/pages"}],"about":[{"href":"https:\/\/ariete.youmedia.es\/en\/wp-json\/wp\/v2\/types\/page"}],"author":[{"embeddable":true,"href":"https:\/\/ariete.youmedia.es\/en\/wp-json\/wp\/v2\/users\/1"}],"replies":[{"embeddable":true,"href":"https:\/\/ariete.youmedia.es\/en\/wp-json\/wp\/v2\/comments?post=172"}],"version-history":[{"count":0,"href":"https:\/\/ariete.youmedia.es\/en\/wp-json\/wp\/v2\/pages\/172\/revisions"}],"up":[{"embeddable":true,"href":"https:\/\/ariete.youmedia.es\/en\/wp-json\/wp\/v2\/pages\/163"}],"wp:attachment":[{"href":"https:\/\/ariete.youmedia.es\/en\/wp-json\/wp\/v2\/media?parent=172"}],"curies":[{"name":"wp","href":"https:\/\/api.w.org\/{rel}","templated":true}]}}