{"id":167,"date":"2016-11-08T10:43:22","date_gmt":"2016-11-08T10:43:22","guid":{"rendered":"https:\/\/ariete.youmedia.es\/en\/services\/consejo-fiscal\/"},"modified":"2018-03-21T16:59:20","modified_gmt":"2018-03-21T16:59:20","slug":"global-and-international-tax-advice","status":"publish","type":"page","link":"https:\/\/ariete.youmedia.es\/en\/services\/global-and-international-tax-advice\/","title":{"rendered":"5 | Global and International Tax Advice"},"content":{"rendered":"<ul>\n<li>Analysis of the current situation and determination of possible improvements, seeking maximum efficiency and optimisation.<\/li>\n<li>Planning of fiscal mobility between countries.<\/li>\n<li>Planning and management of international tax returns and procedures.<\/li>\n<li>Preparation, presentation and possible claims or administrative processes.<\/li>\n<li>Resolution of inspections.<\/li>\n<li>More tax efficient investment products.<\/li>\n<li>Form and composition of remuneration formulas.<\/li>\n<\/ul>\n","protected":false},"excerpt":{"rendered":"<ul>\\r\\n \t<\/p>\n<li>An\u00e1lisis de la situaci\u00f3n actual y determinaci\u00f3n de posibles mejoras, buscando la m\u00e1xima eficiencia y optimizaci\u00f3n.<\/li>\n<p>\\r\\n \t<\/p>\n<li>Planificaci\u00f3n de la movilidad fiscal entre pa\u00edses.<\/li>\n<p>\\r\\n \t<\/p>\n<li>Planificaci\u00f3n y gesti\u00f3n de declaraciones y tr\u00e1mites fiscales internacionales.<\/li>\n<p>\\r\\n \t<\/p>\n<li>Confecci\u00f3n, presentaci\u00f3n y posibles reclamaciones o procesos administrativos.<\/li>\n<p>\\r\\n \t<\/p>\n<li>Resoluci\u00f3n de inspecciones.<\/li>\n<p>\\r\\n \t<\/p>\n<li>Productos de inversi\u00f3n m\u00e1s eficientes fiscalmente.<\/li>\n<p>\\r\\n \t<\/p>\n<li>Forma y composici\u00f3n de f\u00f3rmulas retributivas.<\/li>\n<p>\\r\\n<\/ul>\n","protected":false},"author":1,"featured_media":0,"parent":163,"menu_order":5,"comment_status":"closed","ping_status":"closed","template":"","meta":{"_acf_changed":false,"footnotes":""},"class_list":["post-167","page","type-page","status-publish","hentry"],"acf":[],"_links":{"self":[{"href":"https:\/\/ariete.youmedia.es\/en\/wp-json\/wp\/v2\/pages\/167","targetHints":{"allow":["GET"]}}],"collection":[{"href":"https:\/\/ariete.youmedia.es\/en\/wp-json\/wp\/v2\/pages"}],"about":[{"href":"https:\/\/ariete.youmedia.es\/en\/wp-json\/wp\/v2\/types\/page"}],"author":[{"embeddable":true,"href":"https:\/\/ariete.youmedia.es\/en\/wp-json\/wp\/v2\/users\/1"}],"replies":[{"embeddable":true,"href":"https:\/\/ariete.youmedia.es\/en\/wp-json\/wp\/v2\/comments?post=167"}],"version-history":[{"count":0,"href":"https:\/\/ariete.youmedia.es\/en\/wp-json\/wp\/v2\/pages\/167\/revisions"}],"up":[{"embeddable":true,"href":"https:\/\/ariete.youmedia.es\/en\/wp-json\/wp\/v2\/pages\/163"}],"wp:attachment":[{"href":"https:\/\/ariete.youmedia.es\/en\/wp-json\/wp\/v2\/media?parent=167"}],"curies":[{"name":"wp","href":"https:\/\/api.w.org\/{rel}","templated":true}]}}