{"id":166,"date":"2016-11-08T10:18:02","date_gmt":"2016-11-08T10:18:02","guid":{"rendered":"https:\/\/ariete.youmedia.es\/en\/services\/consejo-inmobiliario\/"},"modified":"2018-03-21T16:58:23","modified_gmt":"2018-03-21T16:58:23","slug":"realestateadvice","status":"publish","type":"page","link":"https:\/\/ariete.youmedia.es\/en\/services\/realestateadvice\/","title":{"rendered":"3 | Real Estate Advice"},"content":{"rendered":"<ul>\n<li>Analysis of family real estate and debt composition and quality.<\/li>\n<li>Determination of changes or improvements in valuation or profitability. Restructuring and optimisation.<\/li>\n<li>National and international real estate market analysis. Future perspectives.<\/li>\n<li>Determination of a strategy in line with the family life plan and market perspectives.<\/li>\n<li>Generation of capital or income investments.<\/li>\n<li>Buying\/selling advice, leasing and administration of real estate assets.<\/li>\n<li>Study and investment proposal in the form of joint investment with Ariete Family Office.<\/li>\n<\/ul>\n","protected":false},"excerpt":{"rendered":"<ul>\\r\\n \t<\/p>\n<li>An\u00e1lisis del Patrimonio Inmobiliario de la familia y la composici\u00f3n y calidad de su deuda.<\/li>\n<p>\\r\\n \t<\/p>\n<li>Determinaci\u00f3n sobre cambios o mejoras en valoraci\u00f3n o rentabilidad. Reestructuraci\u00f3n y optimizaci\u00f3n.<\/li>\n<p>\\r\\n \t<\/p>\n<li>An\u00e1lisis del mercado inmobiliario nacional e internacional. Perspectivas futuras.<\/li>\n<p>\\r\\n \t<\/p>\n<li>Determinaci\u00f3n de una estrategia en arreglo al plan vital familiar y a las perspectivas del mercado.<\/li>\n<p>\\r\\n \t<\/p>\n<li>Generaci\u00f3n de inversiones en capital o renta.<\/li>\n<p>\\r\\n \t<\/p>\n<li>Consejo de compra-venta, alquiler y administraci\u00f3n de Activos Inmobiliarios.<\/li>\n<p>\\r\\n \t<\/p>\n<li>Estudio y propuesta de inversi\u00f3n en formato de inversi\u00f3n conjunta con Ariete Family Office.<\/li>\n<p>\\r\\n<\/ul>\n","protected":false},"author":1,"featured_media":0,"parent":163,"menu_order":3,"comment_status":"closed","ping_status":"closed","template":"","meta":{"_acf_changed":false,"footnotes":""},"class_list":["post-166","page","type-page","status-publish","hentry"],"acf":[],"_links":{"self":[{"href":"https:\/\/ariete.youmedia.es\/en\/wp-json\/wp\/v2\/pages\/166","targetHints":{"allow":["GET"]}}],"collection":[{"href":"https:\/\/ariete.youmedia.es\/en\/wp-json\/wp\/v2\/pages"}],"about":[{"href":"https:\/\/ariete.youmedia.es\/en\/wp-json\/wp\/v2\/types\/page"}],"author":[{"embeddable":true,"href":"https:\/\/ariete.youmedia.es\/en\/wp-json\/wp\/v2\/users\/1"}],"replies":[{"embeddable":true,"href":"https:\/\/ariete.youmedia.es\/en\/wp-json\/wp\/v2\/comments?post=166"}],"version-history":[{"count":0,"href":"https:\/\/ariete.youmedia.es\/en\/wp-json\/wp\/v2\/pages\/166\/revisions"}],"up":[{"embeddable":true,"href":"https:\/\/ariete.youmedia.es\/en\/wp-json\/wp\/v2\/pages\/163"}],"wp:attachment":[{"href":"https:\/\/ariete.youmedia.es\/en\/wp-json\/wp\/v2\/media?parent=166"}],"curies":[{"name":"wp","href":"https:\/\/api.w.org\/{rel}","templated":true}]}}