{"id":163,"date":"2016-11-08T10:16:45","date_gmt":"2016-11-08T10:16:45","guid":{"rendered":"https:\/\/ariete.youmedia.es\/en\/servicios\/"},"modified":"2022-07-27T08:46:31","modified_gmt":"2022-07-27T08:46:31","slug":"services","status":"publish","type":"page","link":"https:\/\/ariete.youmedia.es\/en\/services\/","title":{"rendered":"Services"},"content":{"rendered":"<p>Ariete provides a <strong>comprehensive and multidisciplinary<\/strong> advice and consultancy service.<\/p>\n<p>Our team of advisors, who specialise in the various areas which make up wealth management, carry out their work within a <strong>360\u00ba network,<\/strong> which allows us to apply comprehensive and coordinated solutions to the Life Plans of our clients.<\/p>\n<p>An approach based on <strong>independence, ethics and values<\/strong> requires them to put their talent and experience to work in search of mutually defined objectives. Ariete is organised with the authentic structure of a <strong>Family Office.<\/strong><\/p>\n<p><strong>This service is divided into several areas, which make up family wealth management:<\/strong><\/p>\n<ol>\n<li><a class=\"menu-link sub-menu-link\" href=\"https:\/\/ariete.youmedia.es\/en\/services\/financial-planning\/\">Financial Planning<\/a><\/li>\n<li><a href=\"https:\/\/ariete.youmedia.es\/en\/services\/10-financial-advice\/\">Financial Advice<\/a><\/li>\n<li><a class=\"menu-link sub-menu-link\" href=\"https:\/\/ariete.youmedia.es\/en\/services\/realestateadvice\/\">Real Estate Advice<\/a><\/li>\n<li><a href=\"https:\/\/ariete.youmedia.es\/en\/services\/11-private-equity-advice\/\">Private Equity Advice<\/a><\/li>\n<li><a class=\"menu-link sub-menu-link\" href=\"https:\/\/ariete.youmedia.es\/en\/services\/global-and-international-tax-advice\/\">Global and International Tax Advice<\/a><\/li>\n<li><a class=\"menu-link sub-menu-link\" href=\"https:\/\/ariete.youmedia.es\/en\/services\/legal-advice\/\">Legal Advice<\/a><\/li>\n<li><a class=\"menu-link sub-menu-link\" href=\"https:\/\/ariete.youmedia.es\/en\/services\/prevention-and-insurance-protection-advice\/\">Prevention and Insurance Protection Advice<\/a><\/li>\n<li><a class=\"menu-link sub-menu-link\" href=\"https:\/\/ariete.youmedia.es\/en\/services\/business-consulting\/\">Business Consulting<\/a><\/li>\n<li><a class=\"menu-link sub-menu-link\" href=\"https:\/\/ariete.youmedia.es\/en\/services\/family-shareholder-agreement-and-second-generation-advice\/\">Family Shareholder Agreement and Second Generation Advice<\/a><\/li>\n<li><a href=\"https:\/\/ariete.youmedia.es\/en\/services\/life-plan-risk-control-advice\/\">Life Plan Risk Control Advice<\/a><\/li>\n<li><a class=\"menu-link sub-menu-link\" href=\"https:\/\/ariete.youmedia.es\/en\/services\/coaching-patrimonial\/\">Wealth Coaching<\/a><\/li>\n<li><a href=\"https:\/\/ariete.youmedia.es\/en\/services\/12-socialworkcouncil\/\">Social Work Advice<\/a><\/li>\n<\/ol>\n","protected":false},"excerpt":{"rendered":"<p>Ariete presta un servicio de consejo y asesoramiento<strong> integral y multidisciplinar. <\/strong>\\r\\n\\r\\nNuestro equipo de consejeros, especialistas en las diferentes \u00e1reas del Patrimonio, llevan a cabo una labor en <strong>red-360\u00ba<\/strong>, lo que nos permite aplicar soluciones integrales y coordinadas a los<strong> Planes Vitales <\/strong>de nuestros clientes.\\r\\n\\r\\nLa <strong>independencia, la \u00e9tica y los valores <\/strong>ponen en juego sus talentos y experiencia en la b\u00fasqueda de los objetivos dise\u00f1ados de forma conjunta. La organizacion de Ariete es la figura aut\u00e9ntica y en esencia de un <strong>FamilyO<\/strong><strong>ffice<\/strong><strong>.<\/strong>\\r\\n\\r\\n<strong>Este servicio se divide en varias \u00e1reas para el patrimonio de las familias: <\/strong>\\r\\n<\/p>\n<ol>\\r\\n \t<\/p>\n<li><a class=\"menu-link sub-menu-link\" href=\"https:\/\/ariete.youmedia.es\/servicios\/financial-planning\/\">Financial Planning<\/a><\/li>\n<p>\\r\\n \t<\/p>\n<li><a class=\"menu-link sub-menu-link\" href=\"https:\/\/ariete.youmedia.es\/servicios\/consejo-inmobiliario\/\">Consejo Inmobiliario<\/a><\/li>\n<p>\\r\\n \t<\/p>\n<li><a class=\"menu-link sub-menu-link\" href=\"https:\/\/ariete.youmedia.es\/servicios\/consejo-fiscal\/\">Consejo Fiscal<\/a><\/li>\n<p>\\r\\n \t<\/p>\n<li><a class=\"menu-link sub-menu-link\" href=\"https:\/\/ariete.youmedia.es\/servicios\/consulting-empresarial\/\">Consulting Empresarial<\/a><\/li>\n<p>\\r\\n \t<\/p>\n<li><a class=\"menu-link sub-menu-link\" href=\"https:\/\/ariete.youmedia.es\/servicios\/consejo-protocolo-familiar\/\">Consejo Protocolo Familiar<\/a><\/li>\n<p>\\r\\n \t<\/p>\n<li><a class=\"menu-link sub-menu-link\" href=\"https:\/\/ariete.youmedia.es\/servicios\/coaching-patrimonial\/\">Coaching Patrimonial<\/a><\/li>\n<p>\\r\\n \t<\/p>\n<li><a class=\"menu-link sub-menu-link\" href=\"https:\/\/ariete.youmedia.es\/servicios\/consejo-juridico-y-legal\/\">Consejo Jur\u00eddico y Legal<\/a><\/li>\n<p>\\r\\n \t<\/p>\n<li><a class=\"menu-link sub-menu-link\" href=\"https:\/\/ariete.youmedia.es\/servicios\/consejo-risk-control\/\">Consejo Risk Control<\/a><\/li>\n<p>\\r\\n \t<\/p>\n<li><a class=\"menu-link sub-menu-link\" href=\"https:\/\/ariete.youmedia.es\/servicios\/consejo-proteccion-y-prevencion\/\">Consejo Protecci\u00f3n y Prevenci\u00f3n<\/a><\/li>\n<p>\\r\\n<\/ol>\n","protected":false},"author":1,"featured_media":0,"parent":0,"menu_order":3,"comment_status":"closed","ping_status":"closed","template":"","meta":{"_acf_changed":false,"footnotes":""},"class_list":["post-163","page","type-page","status-publish","hentry"],"acf":[],"_links":{"self":[{"href":"https:\/\/ariete.youmedia.es\/en\/wp-json\/wp\/v2\/pages\/163","targetHints":{"allow":["GET"]}}],"collection":[{"href":"https:\/\/ariete.youmedia.es\/en\/wp-json\/wp\/v2\/pages"}],"about":[{"href":"https:\/\/ariete.youmedia.es\/en\/wp-json\/wp\/v2\/types\/page"}],"author":[{"embeddable":true,"href":"https:\/\/ariete.youmedia.es\/en\/wp-json\/wp\/v2\/users\/1"}],"replies":[{"embeddable":true,"href":"https:\/\/ariete.youmedia.es\/en\/wp-json\/wp\/v2\/comments?post=163"}],"version-history":[{"count":3,"href":"https:\/\/ariete.youmedia.es\/en\/wp-json\/wp\/v2\/pages\/163\/revisions"}],"predecessor-version":[{"id":5501,"href":"https:\/\/ariete.youmedia.es\/en\/wp-json\/wp\/v2\/pages\/163\/revisions\/5501"}],"wp:attachment":[{"href":"https:\/\/ariete.youmedia.es\/en\/wp-json\/wp\/v2\/media?parent=163"}],"curies":[{"name":"wp","href":"https:\/\/api.w.org\/{rel}","templated":true}]}}