{"id":154,"date":"2016-11-08T16:14:25","date_gmt":"2016-11-08T16:14:25","guid":{"rendered":"https:\/\/ariete.youmedia.es\/en\/politica-de-cookies\/"},"modified":"2021-11-02T14:15:02","modified_gmt":"2021-11-02T14:15:02","slug":"cookie-policy","status":"publish","type":"page","link":"https:\/\/ariete.youmedia.es\/en\/cookie-policy\/","title":{"rendered":"Cookie Policy"},"content":{"rendered":"<p>The www.arietefamilyoffice.com domain uses automatic collection procedures (Cookies) to gather personal information such as the type of browser or operating system, reference page, route, ISP domain (Internet Provider), etc. all this in order to improve the services provided. Cookies help us to adapt this website to your personal needs. A &#8220;Cookie&#8221; is a small file that is stored on the user&#8217;s computer and allows us to recognize them. The set of &#8220;cookies&#8221; helps us improve the quality of our website, thus allowing us to personalize to a certain extent the navigation of each user on our website. Cookies are currently essential for the functioning of the internet, providing innumerable advantages in the provision of interactive services, facilitating the navigation and usability of our website.<\/p>\n<p>Keep in mind that cookies cannot damage your computer and that, in return, the fact that they are activated helps us to identify and resolve errors and improve the navigability of our site.<\/p>\n<h2>Types of cookies<\/h2>\n<p>For more information on the user about the type and use of cookies, we inform you that:<\/p>\n<ul>\n<li>From the point of view of the <strong>&#8216;lifetime&#8217; of the cookie<\/strong> (how long the cookie remains active on our computer) we can differentiate the cookies between:\n<ul>\n<li><b>Session cookies:<\/b> they are temporary cookies that remain in the cookie file of your browser until you leave the web page, so none is recorded on the user&#8217;s hard drive. The information obtained through these cookies is used to analyze traffic patterns on the web. Ultimately, this allows us to provide a better experience by improving the content and making it easier to use.<\/li>\n<li><strong>Persistent cookies:<\/strong> they are stored on the hard drive and our website reads them every time you make a new visit. A permanent cookie has a specific expiration date. The cookie will stop working after that date. We generally use them to facilitate the user experience by remembering their browsing habits or, where appropriate, to facilitate purchase and \/ or registration services.<\/li>\n<\/ul>\n<\/li>\n<li>From the point of view of <strong>the purpose of each cookie<\/strong>, we can differentiate between:\n<ul>\n<li><b>Technical Cookies<\/b>: are those that allow the user to navigate through a web page, platform or application and the use of the different options or services that exist in it, including those that the editor uses to allow the management and operation of the web page and enable its functions and services.<br \/>\n<span style=\"font-size: inherit;\"><strong>Technical cookies, provided that they correspond to any of the following profiles, will be exempted from compliance with the obligations established in article 22.2 of the LSSI *<\/strong> (that is, obtaining consent for its installation and use through the existence of a warning banner, cookie policy):\u00a0<\/span><\/p>\n<ul>\n<li>&#8220;User input&#8221; cookies<\/li>\n<li>User authentication or identification cookies (session only)<\/li>\n<li>User security cookies<\/li>\n<li>Media player session cookies<\/li>\n<li>Session cookies to balance load<\/li>\n<li>User interface customization cookies<\/li>\n<li>Complement cookies (plug-in) to exchange social content<br \/>\n<i style=\"font-size: inherit;\">* according to the EU Working Group of Experts, in Article 29 of its Opinion 4\/2012<\/i><\/li>\n<\/ul>\n<\/li>\n<li><strong>Preference or customization cookies<\/strong>: are those that allow the user to remember information so that the user accesses the service with certain characteristics that can differentiate their experience from that of other users, such as, for example, the language, the number of results to show when the user performs a search, the appearance or content of the service depending on the type of browser through which the user accesses the service or the region from which he accesses the service, etc.<br \/>\nIf the user himself chooses these characteristics (for example, if he selects the language of a website by clicking on the icon of the flag of the corresponding country), cookies will be exempt from the obligations of article 22.2 of the LSSI because they are considered a service expressly requested by the user, and this as long as the cookies exclusively obey the selected purpose.<\/li>\n<li><strong>Analysis or measurement cookies<\/strong>: are those that allow the person responsible for these to monitor and analyze the behavior of the users of the websites to which they are linked, including the quantification of the impacts of the advertisements. The information collected through this type of cookies is used to measure the activity of the websites, application or platform, in order to introduce improvements based on the analysis of the usage data made by the users of the service.<\/li>\n<li><strong>Behavioral advertising cookies<\/strong>: are those that store information on the behavior of users obtained through continuous observation of their browsing habits, which allows developing a specific profile to display advertising based on this.<\/li>\n<\/ul>\n<\/li>\n<li>Finally, from the point of view of <strong>the entity that manages the cookies<\/strong>, we can differentiate between:\n<ul>\n<li><strong>Own cookies<\/strong>: are those that are sent to the user&#8217;s terminal equipment from a computer or domain managed by the editor itself and from which the service requested by the user is provided.<\/li>\n<li><strong>Third party cookies<\/strong>: are those that are sent to the user&#8217;s terminal equipment from a computer or domain that is not managed by the editor, but by another entity that processes the data obtained through cookies.<\/li>\n<\/ul>\n<\/li>\n<\/ul>\n<p>ARIETE FAMILY OFFICE saves all the information collected through Cookies in a non-personalized format (IP address). This type of information obtained through Cookies will not be disclosed outside of ARIETE FAMILY OFFICE except in those cases indicated in the section &#8216;List and description of cookies&#8217;, nor will it be used for unsolicited communications.<\/p>\n<h2>Adequate privacy &#8211; Cookie management<\/h2>\n<p>The user can configure the permissions on the cookies used on our website at any time by accessing the cookie configuration panel.<\/p>\n<p>Click on the &#8220;Settings&#8221; button to access the cookie configuration panel at www.arietefamilyoffice.com:<\/p>\n<p style=\"text-align: center;\"><strong><a href=\"\/#gdpr_cookie_modal\">SETTINGS<\/a><\/strong><\/p>\n<p>In the event that the user so wishes, the registration of cookies may be subject to acceptance during the installation or updating of the browser used. The user can revoke their acceptance at any time through the content and privacy configuration options available in each browser. However, if the user does not allow the installation of cookies in their browser, they may not be able to access any of the sections of our website.<\/p>\n<p>For more information on the appropriate configuration of cookies and the activation, restriction and \/ or disabling options, you should go to the help section of your browser to learn more:<\/p>\n<ul>\n<li>More information on how to block the use of cookies at <a href=\"https:\/\/support.google.com\/chrome\/answer\/95647?hl=es\">Google Chrome<\/a><\/li>\n<li>More information on how to block the use of cookies at <a href=\"http:\/\/support.mozilla.org\/es\/kb\/habilitar-y-deshabilitar-cookies-que-los-sitios-we?esab=a&amp;s=cookies&amp;r=7&amp;as=s\">Firefox<\/a><\/li>\n<li>More information on how to block the use of cookies at <a href=\"https:\/\/support.microsoft.com\/es-es\/help\/17442\/windows-internet-explorer-delete-manage-cookies\">Internet Explorer<\/a><\/li>\n<li>More information on how to block the use of cookies at <a href=\"https:\/\/support.microsoft.com\/es-es\/help\/4027947\/microsoft-edge-delete-cookies\">Microsoft Edge<\/a><\/li>\n<li>More information on how to block the use of cookies at <a href=\"https:\/\/support.apple.com\/es-es\/guide\/safari\/sfri11471\/mac\">Safari <\/a>in Mac<\/li>\n<li>More information on how to block the use of cookies at <a href=\"https:\/\/support.apple.com\/es-es\/HT201265\">Safari<\/a>: in iPhone, iPad or iPod touch<\/li>\n<\/ul>\n<p>Many browsers allow you to activate a private mode whereby cookies are always deleted after your visit. Depending on each browser, this private mode may have different names. Below you will find a list of the most common browsers and the different names for this &#8220;private mode&#8221;:<\/p>\n<ul>\n<li>Internet Explorer 8 and higher; InPrivate<\/li>\n<li>Safari 2 and higher; Private browsing<\/li>\n<li>Opera 10.5 and higher; Private browsing<\/li>\n<li>Firefox 3.5 and higher; Private browsing<\/li>\n<li>Google Chrome 10 and higher; Incognito<\/li>\n<\/ul>\n<h2>List and description of cookies<\/h2>\n<p>The table that we publish below collects in a schematic way the cookies previously described and used on the www.arietefamilyoffice.com website:<\/p>\n<table width=\"100%\" cellspacing=\"0\" cellpadding=\"0\">\n<tbody>\n<tr>\n<td valign=\"top\"><b>Name<\/b><\/td>\n<td valign=\"top\"><b>Property<\/b><\/td>\n<td valign=\"top\"><b>Duration<\/b><\/td>\n<td valign=\"top\"><b>Purpose<\/b><\/td>\n<\/tr>\n<tr>\n<td valign=\"top\">_ga<\/td>\n<td valign=\"top\">Third Party<\/td>\n<td valign=\"top\">2 years<\/td>\n<td valign=\"top\">Analysis<\/td>\n<\/tr>\n<tr>\n<td valign=\"top\">_gat_gtag_UA_88848518_1<\/td>\n<td valign=\"top\">Third Party<\/td>\n<td valign=\"top\">Session<\/td>\n<td valign=\"top\">Analysis<\/td>\n<\/tr>\n<tr>\n<td valign=\"top\">_gid<\/td>\n<td valign=\"top\">Third Party<\/td>\n<td valign=\"top\">24 hours<\/td>\n<td valign=\"top\">Analysis<\/td>\n<\/tr>\n<tr>\n<td valign=\"top\">_clck<\/td>\n<td valign=\"top\">Third Party<\/td>\n<td valign=\"top\">24 hours<\/td>\n<td valign=\"top\">Analysis<\/td>\n<\/tr>\n<tr>\n<td valign=\"top\">_clsk<\/td>\n<td valign=\"top\">Third Party<\/td>\n<td valign=\"top\">24 hours<\/td>\n<td valign=\"top\">Analysis<\/td>\n<\/tr>\n<tr>\n<td valign=\"top\">moove_gdpr_popup<\/td>\n<td valign=\"top\">Own<\/td>\n<td valign=\"top\">24 hours<\/td>\n<td valign=\"top\">Preferences<\/td>\n<\/tr>\n<\/tbody>\n<\/table>\n<p>To learn more about Google Analytics cookies, you can visit the following page: <a href=\"https:\/\/policies.google.com\/technologies\/cookies?hl=es\">https:\/\/policies.google.com\/technologies\/cookies?hl=es<\/a>. You can disable Google Analytics cookies through the following link: <a href=\"https:\/\/tools.google.com\/dlpage\/gaoptout\">https:\/\/tools.google.com\/dlpage\/gaoptout<\/a>.<\/p>\n<p>For more information about cookies and your rights as a user, you can consult the Guide on the use of cookies prepared by the Spanish Agency for Data Protection in collaboration with the associations ADIGITAL, Advertisers, AUTOCONTROL and IAB Spain: <a style=\"font-size: inherit;\" href=\"https:\/\/www.aepd.es\/media\/guias\/guia-cookies.pdf\">https:\/\/www.aepd.es\/media\/guias\/guia-cookies.pdf<\/a><\/p>\n","protected":false},"excerpt":{"rendered":"<p>ARIETE FO informa que una cookie es un fichero que se descarga en su ordenador al acceder a determinadas p\u00e1ginas web. Las cookies permiten a una p\u00e1gina web, entre otras cosas, almacenar y recuperar informaci\u00f3n sobre los h\u00e1bitos de navegaci\u00f3n de un usuario o de su equipo y, dependiendo de la informaci\u00f3n que contengan y de la forma en que utilice su equipo, pueden utilizarse para reconocer al usuario.\\r\\n\\r\\nEn nuestro sitio web, utilizamos dos tipos de cookies:\\r\\n<\/p>\n<ul>\\r\\n \t<\/p>\n<li><strong>Cookies temporales:<\/strong>\u00a0 la \u00fanica finalidad de hacer m\u00e1s eficaz su transmisi\u00f3n ulterior y desaparecen al terminar la sesi\u00f3n del usuario. En ning\u00fan caso se utilizar\u00e1n las cookies para recoger informaci\u00f3n de car\u00e1cter personal.<\/li>\n<p>\\r\\n \t<\/p>\n<li><strong>Google Analytics:<\/strong>\u00a0<strong>Cookies anal\u00edticas,<\/strong>\u00a0son aqu\u00e9llas que bien tratadas por nosotros o por terceros, nos permiten cuantificar el n\u00famero de usuarios y as\u00ed realizar la medici\u00f3n y an\u00e1lisis estad\u00edstico de la utilizaci\u00f3n que hacen los usuarios del servicio ofertado. Para ello se analiza su navegaci\u00f3n en nuestra p\u00e1gina web con el fin de mejorar la oferta de productos o servicios que le ofrecemos. Consulte <a href=\"https:\/\/www.google.com\/intl\/es\/policies\/privacy\/\" target=\"_blank\" rel=\"noopener\">aqu\u00ed<\/a> la pol\u00edtica de privacidad de estos servicios de Google.<\/li>\n<p>\\r\\n<\/ul>\n<p>\\r\\n<\/p>\n<div class=\"entry-content\">\\r\\n<\/p>\n<h3>Revocaci\u00f3n y eliminaci\u00f3n de cookies<\/h3>\n<p>\\r\\nNormalmente es posible dejar de aceptar las Cookies del navegador, o dejar de aceptar las Cookies de un Servicio en particular.\\r\\n\\r\\nTodos los navegadores modernos permiten cambiar la configuraci\u00f3n de Cookies. Estos ajustes normalmente se encuentra en las \u2018opciones\u2019 o \u2018Preferencias\u2019 del men\u00fa de su navegador. Asimismo, puede configurar su navegador o su gestor de correo electr\u00f3nico, as\u00ed como instalar complementos gratuitos para evitar que se descarguen los Web Bugs al abrir un email.\\r\\n\\r\\nEsta web ofrece la orientaci\u00f3n al Usuario sobre los pasos para acceder al men\u00fa de configuraci\u00f3n de las cookies y, en su caso, de la navegaci\u00f3n privada en cada uno de los navegadores principales:\\r\\n<\/p>\n<ul>\\r\\n \t<\/p>\n<li><strong>Internet Explorer<\/strong>: Herramientas -&gt; Opciones de Internet\u00a0-&gt; Privacidad\u00a0-&gt; Configuraci\u00f3n.\\r\\nPara m\u00e1s informaci\u00f3n, puede consultar el\u00a0<a href=\"https:\/\/support.microsoft.com\/es-es\/help\/17442\" target=\"_blank\" rel=\"noopener\">soporte de Microsoft<\/a>\u00a0o la Ayuda del navegador.<\/li>\n<p>\\r\\n<\/ul>\n<p>\\r\\n<\/p>\n<ul>\\r\\n \t<\/p>\n<li><strong>Firefox<\/strong>: Herramientas\u00a0-&gt; Opciones\u00a0-&gt; Privacidad\u00a0-&gt; Historial\u00a0-&gt; Configuraci\u00f3n Personalizada.\\r\\nPara m\u00e1s informaci\u00f3n, puede consultar el\u00a0<a href=\"https:\/\/support.mozilla.org\/es\/kb\/cookies-informacion-que-los-sitios-web-guardan-en-\" target=\"_blank\" rel=\"noopener\">soporte de Mozilla<\/a>\u00a0o la Ayuda del navegador.<\/li>\n<p>\\r\\n<\/ul>\n<p>\\r\\n<\/p>\n<ul>\\r\\n \t<\/p>\n<li><strong>Chrome<\/strong>: Configuraci\u00f3n\u00a0-&gt; Mostrar opciones avanzadas\u00a0-&gt; Privacidad\u00a0-&gt; Configuraci\u00f3n de contenido.\\r\\nPara m\u00e1s informaci\u00f3n, puede consultar el\u00a0<a href=\"https:\/\/support.google.com\/chrome\/answer\/95647?hl=es\" target=\"_blank\" rel=\"noopener\">soporte de Google<\/a>\u00a0o la Ayuda del navegador.<\/li>\n<p>\\r\\n<\/ul>\n<p>\\r\\n<\/p>\n<ul>\\r\\n \t<\/p>\n<li><strong>Safari<\/strong>: Preferencias\u00a0-&gt; Seguridad.\\r\\nPara m\u00e1s informaci\u00f3n, puede consultar el\u00a0<a href=\"https:\/\/support.apple.com\/es-es\/HT201265\" target=\"_blank\" rel=\"noopener\">soporte de Apple<\/a>\u00a0o la Ayuda del navegador.<\/li>\n<p>\\r\\n<\/ul>\n<p>\\r\\n<\/p>\n<ul>\\r\\n \t<\/p>\n<li><strong>Opera<\/strong>: Opciones -&gt; Avanzado -&gt; Cookies.\\r\\nPara m\u00e1s informaci\u00f3n, puede consultar el <a href=\"http:\/\/help.opera.com\/Mac\/12.10\/es-LA\/cookies.html\" target=\"_blank\" rel=\"noopener\">soporte de Opera<\/a> o la Ayuda del navegador.<\/li>\n<p>\\r\\n<\/ul>\n<p>\\r\\n<\/p>\n<h3>Qu\u00e9 ocurre si se deshabilitan las Cookies<\/h3>\n<p>\\r\\nAlgunas funcionalidades de los Servicios quedar\u00e1n deshabilitados como, por ejemplo, permanecer\u00a0 identificado, recibir informaci\u00f3n dirigida a su localizaci\u00f3n o la visualizaci\u00f3n de algunos v\u00eddeos.\\r\\n\\r\\n<\/p><\/div>\n","protected":false},"author":1,"featured_media":0,"parent":0,"menu_order":10,"comment_status":"closed","ping_status":"closed","template":"","meta":{"_acf_changed":false,"footnotes":""},"class_list":["post-154","page","type-page","status-publish","hentry"],"acf":[],"_links":{"self":[{"href":"https:\/\/ariete.youmedia.es\/en\/wp-json\/wp\/v2\/pages\/154","targetHints":{"allow":["GET"]}}],"collection":[{"href":"https:\/\/ariete.youmedia.es\/en\/wp-json\/wp\/v2\/pages"}],"about":[{"href":"https:\/\/ariete.youmedia.es\/en\/wp-json\/wp\/v2\/types\/page"}],"author":[{"embeddable":true,"href":"https:\/\/ariete.youmedia.es\/en\/wp-json\/wp\/v2\/users\/1"}],"replies":[{"embeddable":true,"href":"https:\/\/ariete.youmedia.es\/en\/wp-json\/wp\/v2\/comments?post=154"}],"version-history":[{"count":0,"href":"https:\/\/ariete.youmedia.es\/en\/wp-json\/wp\/v2\/pages\/154\/revisions"}],"wp:attachment":[{"href":"https:\/\/ariete.youmedia.es\/en\/wp-json\/wp\/v2\/media?parent=154"}],"curies":[{"name":"wp","href":"https:\/\/api.w.org\/{rel}","templated":true}]}}