{"id":145,"date":"2016-11-08T10:14:28","date_gmt":"2016-11-08T10:14:28","guid":{"rendered":"https:\/\/ariete.youmedia.es\/en\/capital-en-tu-vida\/"},"modified":"2021-11-02T12:38:53","modified_gmt":"2021-11-02T12:38:53","slug":"capital-in-your-life","status":"publish","type":"page","link":"https:\/\/ariete.youmedia.es\/en\/capital-in-your-life\/","title":{"rendered":"Capital in your life"},"content":{"rendered":"<p><strong>ARIETE IS A FAMILY OFFICE,<\/strong> with its headquarters in Barcelona, but with a global scope. We provide comprehensive, multidisciplinary advice on family wealth management <strong>based on values and independence.<\/strong><\/p>\n<p>Our method, created in-house, is based on specialised Financial Planning aimed at families whose wealth originates from the worlds of sport, art, show business, enterprise or business.<\/p>\n<p>These have irregular and asymmetric wealth generation cycles which demand special, bespoke solutions.<\/p>\n<p>We work under a <strong>Personal Advisor model,<\/strong> which in conjunction with a multidisciplinary team, seeks to address your wealth in a timely manner based on the goals and desires agreed in your <strong>Life Wealth Plan.<\/strong><\/p>\n<p><strong>ARIETE IS ABOUT CAPITAL,<\/strong> about wealth, it is a beautiful and stimulating way of making a difference in life and to the situations of our clients\/friends. It is about managing their values, hopes and dreams.<\/p>\n<p><strong>Capital with no soul makes no sense.<\/strong> It needs to form part of a plan which makes us and our surroundings better. Otherwise it just becomes a source of problems and dissatisfaction.<\/p>\n<p>For this reason, our professional team approach success on the markets based on a congruence between our lifestyles and emotions and our convictions.<\/p>\n","protected":false},"excerpt":{"rendered":"<p>ARIETE ES UN FAMILY OFFICE con sede en Barcelona, pero foco mundial. Da <strong>consejo integral y multidisciplinar<\/strong> al patrimonio familiar desde los valores y la independencia.\\r\\n\\r\\nNuestro m\u00e9todo, de creaci\u00f3n propio, est\u00e1 basado en el <strong>Financial Planning,<\/strong> especializado y orientado a familias cuyo patrimonio procede del mundo del <strong>deporte, arte, espect\u00e1culo, emprendimiento o empresa.<\/strong> Estos tienen ciclos irregulares y asim\u00e9tricos de generaci\u00f3n de patrimonio que exigen soluciones especiales y a medida.\\r\\n\\r\\nTrabajamos desde un modelo de <strong>Consejero Personal,<\/strong> que junto a un equipo multidisciplinar, busca la aplicaci\u00f3n oportuna al patrimonio seg\u00fan los objetivos y aspiraciones acordados en su <strong>Plan Vital Patrimonial.<\/strong>\\r\\n\\r\\n&nbsp;\\r\\n\\r\\nARIETE ES CAPITAL, es patrimonio, es una manera bella y fertilizante de trascender en la vida y el entorno de nuestros clientes\/amigos. Es gestionar sus valores, sue\u00f1os e ilusiones.\\r\\n\\r\\n<strong>El capital sin alma no tiene sentido,<\/strong> ha de pertenecer a un plan que nos mejore a nosotros y a nuestro entorno. Si no, se convierte en una fuente de problemas e insatisfacciones.\\r\\n\\r\\nPor ello, desde nuestro equipo profesional, nos orientamos al \u00e9xito en los mercados, <strong>desde la coherencia vital y emocional en nuestras convicciones.<\/strong><\/p>\n","protected":false},"author":1,"featured_media":0,"parent":0,"menu_order":2,"comment_status":"closed","ping_status":"closed","template":"","meta":{"_acf_changed":false,"footnotes":""},"class_list":["post-145","page","type-page","status-publish","hentry"],"acf":[],"_links":{"self":[{"href":"https:\/\/ariete.youmedia.es\/en\/wp-json\/wp\/v2\/pages\/145","targetHints":{"allow":["GET"]}}],"collection":[{"href":"https:\/\/ariete.youmedia.es\/en\/wp-json\/wp\/v2\/pages"}],"about":[{"href":"https:\/\/ariete.youmedia.es\/en\/wp-json\/wp\/v2\/types\/page"}],"author":[{"embeddable":true,"href":"https:\/\/ariete.youmedia.es\/en\/wp-json\/wp\/v2\/users\/1"}],"replies":[{"embeddable":true,"href":"https:\/\/ariete.youmedia.es\/en\/wp-json\/wp\/v2\/comments?post=145"}],"version-history":[{"count":0,"href":"https:\/\/ariete.youmedia.es\/en\/wp-json\/wp\/v2\/pages\/145\/revisions"}],"wp:attachment":[{"href":"https:\/\/ariete.youmedia.es\/en\/wp-json\/wp\/v2\/media?parent=145"}],"curies":[{"name":"wp","href":"https:\/\/api.w.org\/{rel}","templated":true}]}}