{"id":143,"date":"2016-11-08T16:14:14","date_gmt":"2016-11-08T16:14:14","guid":{"rendered":"https:\/\/ariete.youmedia.es\/en\/aviso-legal\/"},"modified":"2018-03-20T16:43:10","modified_gmt":"2018-03-20T16:43:10","slug":"legal-notice","status":"publish","type":"page","link":"https:\/\/ariete.youmedia.es\/en\/legal-notice\/","title":{"rendered":"Legal Notice"},"content":{"rendered":"<h2>Purpose of the website<\/h2>\n<p>This Legal Notice includes the general terms of use of the products offered by Grupo Ariete Wealth Management, SL in relation to the persons who use them (hereinafter, USER).<\/p>\n<p>This website and the online shop have been developed in order to offer the USER a system which is easy to use and reliable in order to provide information and sell the products offered by Grupo Ariete Wealth Management, SL.<\/p>\n<p>The owner of the domain (www.arietefamilyoffice.com) and the organisation in charge of its design, content, IT development and technical maintenance is Grupo Ariete Wealth Management, SL with its address at Av. Diagonal 534, 4\u00ba 1\u00aa, 08006 Barcelona (Spain) with CIF number B66589011.<\/p>\n<h2>Data protection<\/h2>\n<p>In accordance with the provisions of Organic Law 15\/1999 of 13 December on the protection of personal data, the USER consents to the inclusion of their data in a file owned by Grupo Ariete Wealth Management, SL, and that they will be used to provide the service or information requested. Likewise, the USER declares that they have been informed of their rights of access, rectification, cancellation and opposition, which they may exercise at the registered address of Grupo Ariete Wealth Management, SL at Av. Diagonal 534, 4\u00ba 1\u00aa, 08006 Barcelona (Spain), or by sending a message to the email address arietefo@arietefo.com.<\/p>\n<h2>Access and use<\/h2>\n<p>The persons who access this website and\/or use the information or perform commercial transactions through it take on the condition of USERS, and undertake to strictly observe and fulfil the provisions established herein, as well as any others which are legally applicable.<br \/>\nUSERS are hereby informed that the general terms of use of this website may be amended without prior notice.<\/p>\n<h2>Content<\/h2>\n<p>The elements present on this website, including the design, content, IT development and technical maintenance, are protected by intellectual and industrial property rights.<\/p>\n<p>Any use involving total or partial reproduction, distribution, transformation or commercialisation are not permitted and in any event shall require the prior written authorisation of Grupo Ariete Wealth Management, SL.<\/p>\n<h2>Liability<\/h2>\n<p>Any links which point to this website or to the online shop must not directly or indirectly display false, inexact or confusing indications. Likewise, Grupo Ariete Wealth Management, SL assumes no liability for external links always being operational.<\/p>\n<p>The website has been tested and is revised periodically to ensure its security and the absence of viruses on its systems. Although the correct technical functioning is guaranteed, it is nevertheless impossible to rule out the possibility that a possible programming error or reasons of force majeure may prevent access to the website or the online shop. In this case, the greatest diligence will be used to rectify the problem as quickly as possible.<\/p>\n<h2>Applicable jurisdiction<\/h2>\n<p>For the resolution of any dispute or issue related to this website, as well as the online shop, Spanish jurisdiction shall apply and the parties expressly submit to the Courts and Tribunals of Barcelona.<\/p>\n","protected":false},"excerpt":{"rendered":"<h2>Objeto de la web<\/h2>\n<p>\\r\\nEl presente Aviso Legal recoge las condiciones de uso general de los productos ofrecidos por la empresa ARIETE FO, en relaci\u00f3n a las personas que lo utilizan (en adelante USUARIO).\\r\\n\\r\\nEsta p\u00e1gina web as\u00ed como la tienda online han sido desarrollados con el objeto de ofrecer al USUARIO un sistema f\u00e1cil de utilizar y fiable de cara a la realizaci\u00f3n de informaci\u00f3n y venta de productos que ofrece ARIETE FO.\\r\\n\\r\\nEl propietario del dominio (<a href=\"https:\/\/ariete.youmedia.es\">www.arietefamilyoffice.com<\/a> ) y encargado de su dise\u00f1o, contenido, desarrollo inform\u00e1tico y mantenimiento t\u00e9cnico es ARIETE FO domiciliado en Av. Diagonal 534, 4\u00ba 1\u00aa, 08006 Barcelona (Espa\u00f1a) con CIF n\u00famero XXX.\\r\\n<\/p>\n<h2>Protecci\u00f3n de datos<\/h2>\n<p>\\r\\nDe conformidad con lo establecido por la Ley Org\u00e1nica 15\/1999, de 13 de diciembre, de Protecci\u00f3n de Datos de car\u00e1cter personal, el USUARIO consiente la inclusi\u00f3n de sus datos en un fichero del que es titular ARIETE FO, y que los mismos sean utilizados para prestarle el servicio o la informaci\u00f3n solicitada. Asimismo, el USUARIO declara estar informado sobre los derechos de acceso, rectificaci\u00f3n, cancelaci\u00f3n y oposici\u00f3n que podr\u00e1 ejercitar en el domicilio de ARIETE FO en Av. Diagonal 534, 4\u00ba 1\u00aa, 08006 Barcelona (Espa\u00f1a); o bien remitiendo un mensaje a la direcci\u00f3n de correo electr\u00f3nico arietefo@arietefo.com\u201d.\\r\\n<\/p>\n<h2>Acceso y uso<\/h2>\n<p>\\r\\nLas personas que acceden a esta p\u00e1gina web y\/o utilizan informaci\u00f3n o realizan transacciones comerciales a trav\u00e9s de esta, adquieren la condici\u00f3n de USUARIOS comprometi\u00e9ndose a la observaci\u00f3n y cumplimiento riguroso de las disposiciones aqu\u00ed establecidas, as\u00ed como cualquier otra que legalmente fuera de aplicaci\u00f3n.\\r\\n\\r\\nSe pone de conocimiento de los USUARIOS que las condiciones generales del uso de esta p\u00e1gina web pueden ser modificadas sin notificaci\u00f3n previa.\\r\\n<\/p>\n<h2>Contenidos<\/h2>\n<p>\\r\\nLos elementos existentes en esta p\u00e1gina web, tanto el dise\u00f1o, contenido, desarrollo inform\u00e1tico y mantenimiento t\u00e9cnico, se encuentran protegidos por la normativa de propiedad intelectual e industrial.\\r\\n\\r\\nCualquier uso que suponga la reproducci\u00f3n total o parcial, distribuci\u00f3n, transformaci\u00f3n y comercializaci\u00f3n, no est\u00e1 permitido y requiere en todo caso de la autorizaci\u00f3n escrita previa por parte de ARIETE FO.\\r\\n<\/p>\n<h2>Responsabilidad<\/h2>\n<p>\\r\\nTodos los enlaces que conduzcan a esta p\u00e1gina web as\u00ed como a la tienda online, no podr\u00e1n mostrar de manera directa o indirecta, indicaciones falsas, inexactas o confusas. De igual forma ARIETE FO no se responsabiliza de que los enlaces externos se encuentren siempre operativos.\\r\\n\\r\\nLa p\u00e1gina web ha sido probada y se revisa peri\u00f3dicamente para garantizar la seguridad y ausencia de virus en sus sistemas. Igualmente se garantiza el correcto funcionamiento t\u00e9cnico, no obstante, no se descarta la posibilidad de alg\u00fan posible error de programaci\u00f3n o que acontezcan causas de fuerza mayor que hagan imposible el acceso a la p\u00e1gina web as\u00ed como a la tienda online. En este caso se actuar\u00e1 con la m\u00e1xima diligencia hasta subsanar el problema a la mayor brevedad posible.\\r\\n<\/p>\n<h2>Legislaci\u00f3n aplicable<\/h2>\n<p>\\r\\nPara las resoluciones de cualquier controversia o cuestiones relacionadas con la presente p\u00e1gina web as\u00ed como la tienda online, ser\u00e1 de aplicaci\u00f3n la legislaci\u00f3n espa\u00f1ola someti\u00e9ndose expresamente las partes intervinientes a los Juzgados y Tribunales de Barcelona.<\/p>\n","protected":false},"author":1,"featured_media":0,"parent":0,"menu_order":9,"comment_status":"closed","ping_status":"closed","template":"","meta":{"_acf_changed":false,"footnotes":""},"class_list":["post-143","page","type-page","status-publish","hentry"],"acf":[],"_links":{"self":[{"href":"https:\/\/ariete.youmedia.es\/en\/wp-json\/wp\/v2\/pages\/143","targetHints":{"allow":["GET"]}}],"collection":[{"href":"https:\/\/ariete.youmedia.es\/en\/wp-json\/wp\/v2\/pages"}],"about":[{"href":"https:\/\/ariete.youmedia.es\/en\/wp-json\/wp\/v2\/types\/page"}],"author":[{"embeddable":true,"href":"https:\/\/ariete.youmedia.es\/en\/wp-json\/wp\/v2\/users\/1"}],"replies":[{"embeddable":true,"href":"https:\/\/ariete.youmedia.es\/en\/wp-json\/wp\/v2\/comments?post=143"}],"version-history":[{"count":0,"href":"https:\/\/ariete.youmedia.es\/en\/wp-json\/wp\/v2\/pages\/143\/revisions"}],"wp:attachment":[{"href":"https:\/\/ariete.youmedia.es\/en\/wp-json\/wp\/v2\/media?parent=143"}],"curies":[{"name":"wp","href":"https:\/\/api.w.org\/{rel}","templated":true}]}}